{"id":263,"date":"2025-12-01T02:55:38","date_gmt":"2025-12-01T08:55:38","guid":{"rendered":"https:\/\/haciendadeletras.directorio-comercial.com\/?product=popayan"},"modified":"2025-12-01T02:55:39","modified_gmt":"2025-12-01T08:55:39","slug":"popayan","status":"publish","type":"product","link":"https:\/\/haciendadeletras.directorio-comercial.com\/?product=popayan","title":{"rendered":"Popay\u00e1n"},"content":{"rendered":"<p>Vista: Vino de color brillante salm\u00f3n, con cuerpo medio.<br \/>\nOlfato: Predomina la intensidad arom\u00e1tica afrutada y tropical. Car\u00e1cter olfativo fresco.<br \/>\nGusto: Suave en boca, con ex\u00f3ticos toques de fruta del dragon, mango y durazno. Agradable sabor fresco y equilibrado.<br \/>\nRecomendaci\u00f3n de maridaje: Disfr\u00fatalo acompa\u00f1ado de ensaladas, ceviche, sushi, salmon, tarta de frutas y quesos suaves.<\/p>\n","protected":false},"excerpt":{"rendered":"<p>Variedad: Aletico &#8211; Pinot Noir<br \/>\nTipo:Vino de Mesa Semi Dulce Rosado<br \/>\nGrado de alcohol: 10.5% Vol.<br \/>\nRegi\u00f3n: Aguascalientes<\/p>\n","protected":false},"featured_media":248,"comment_status":"closed","ping_status":"open","template":"","meta":{"_acf_changed":false},"product_brand":[],"product_cat":[19,25],"product_tag":[],"class_list":{"0":"post-263","1":"product","2":"type-product","3":"status-publish","4":"has-post-thumbnail","6":"product_cat-de-mesa","7":"product_cat-semidulce-rosado","9":"first","10":"instock","11":"purchasable","12":"product-type-simple"},"acf":[],"jetpack_sharing_enabled":true,"_links":{"self":[{"href":"https:\/\/haciendadeletras.directorio-comercial.com\/index.php?rest_route=\/wp\/v2\/product\/263","targetHints":{"allow":["GET"]}}],"collection":[{"href":"https:\/\/haciendadeletras.directorio-comercial.com\/index.php?rest_route=\/wp\/v2\/product"}],"about":[{"href":"https:\/\/haciendadeletras.directorio-comercial.com\/index.php?rest_route=\/wp\/v2\/types\/product"}],"replies":[{"embeddable":true,"href":"https:\/\/haciendadeletras.directorio-comercial.com\/index.php?rest_route=%2Fwp%2Fv2%2Fcomments&post=263"}],"wp:featuredmedia":[{"embeddable":true,"href":"https:\/\/haciendadeletras.directorio-comercial.com\/index.php?rest_route=\/wp\/v2\/media\/248"}],"wp:attachment":[{"href":"https:\/\/haciendadeletras.directorio-comercial.com\/index.php?rest_route=%2Fwp%2Fv2%2Fmedia&parent=263"}],"wp:term":[{"taxonomy":"product_brand","embeddable":true,"href":"https:\/\/haciendadeletras.directorio-comercial.com\/index.php?rest_route=%2Fwp%2Fv2%2Fproduct_brand&post=263"},{"taxonomy":"product_cat","embeddable":true,"href":"https:\/\/haciendadeletras.directorio-comercial.com\/index.php?rest_route=%2Fwp%2Fv2%2Fproduct_cat&post=263"},{"taxonomy":"product_tag","embeddable":true,"href":"https:\/\/haciendadeletras.directorio-comercial.com\/index.php?rest_route=%2Fwp%2Fv2%2Fproduct_tag&post=263"}],"curies":[{"name":"wp","href":"https:\/\/api.w.org\/{rel}","templated":true}]}}