{"id":261,"date":"2025-12-01T02:55:38","date_gmt":"2025-12-01T08:55:38","guid":{"rendered":"https:\/\/haciendadeletras.directorio-comercial.com\/?product=athos"},"modified":"2025-12-01T02:55:39","modified_gmt":"2025-12-01T08:55:39","slug":"athos","status":"publish","type":"product","link":"https:\/\/haciendadeletras.directorio-comercial.com\/?product=athos","title":{"rendered":"Athos"},"content":{"rendered":"<p>Vista: Color purpura intenso, cuerpo redondo y equilibrado a la vista.<br \/>\nOlfato: Intensidad arom\u00e1tica media y car\u00e1cter olfativo a frutas negras como grosella negra y ciruela pasa.<br \/>\nGusto: Finos matices caracter\u00edsticos del Nebbiolo, la frescura y sabores en armonia por el dulzor del Sangiovese.<br \/>\nRecomendaci\u00f3n de maridaje: Disfr\u00fatalo con brochetas de carne y pimiento mor\u00f3n, pastas con salsas sazonadas o enchiladas.<\/p>\n","protected":false},"excerpt":{"rendered":"<p>Variedad: Sangiovese &#8211; Nebbiolo<br \/>\nTipo: Vino de Mesa Semi Tinto<br \/>\nGrado de alcohol: 12.5% Vol.<br \/>\nRegi\u00f3n: Aguascalientes<\/p>\n","protected":false},"featured_media":253,"comment_status":"closed","ping_status":"open","template":"","meta":{"_acf_changed":false},"product_brand":[],"product_cat":[19,23],"product_tag":[],"class_list":{"0":"post-261","1":"product","2":"type-product","3":"status-publish","4":"has-post-thumbnail","6":"product_cat-de-mesa","7":"product_cat-semi-seco-tinto","9":"first","10":"instock","11":"purchasable","12":"product-type-simple"},"acf":[],"jetpack_sharing_enabled":true,"_links":{"self":[{"href":"https:\/\/haciendadeletras.directorio-comercial.com\/index.php?rest_route=\/wp\/v2\/product\/261","targetHints":{"allow":["GET"]}}],"collection":[{"href":"https:\/\/haciendadeletras.directorio-comercial.com\/index.php?rest_route=\/wp\/v2\/product"}],"about":[{"href":"https:\/\/haciendadeletras.directorio-comercial.com\/index.php?rest_route=\/wp\/v2\/types\/product"}],"replies":[{"embeddable":true,"href":"https:\/\/haciendadeletras.directorio-comercial.com\/index.php?rest_route=%2Fwp%2Fv2%2Fcomments&post=261"}],"wp:featuredmedia":[{"embeddable":true,"href":"https:\/\/haciendadeletras.directorio-comercial.com\/index.php?rest_route=\/wp\/v2\/media\/253"}],"wp:attachment":[{"href":"https:\/\/haciendadeletras.directorio-comercial.com\/index.php?rest_route=%2Fwp%2Fv2%2Fmedia&parent=261"}],"wp:term":[{"taxonomy":"product_brand","embeddable":true,"href":"https:\/\/haciendadeletras.directorio-comercial.com\/index.php?rest_route=%2Fwp%2Fv2%2Fproduct_brand&post=261"},{"taxonomy":"product_cat","embeddable":true,"href":"https:\/\/haciendadeletras.directorio-comercial.com\/index.php?rest_route=%2Fwp%2Fv2%2Fproduct_cat&post=261"},{"taxonomy":"product_tag","embeddable":true,"href":"https:\/\/haciendadeletras.directorio-comercial.com\/index.php?rest_route=%2Fwp%2Fv2%2Fproduct_tag&post=261"}],"curies":[{"name":"wp","href":"https:\/\/api.w.org\/{rel}","templated":true}]}}