{"id":256,"date":"2025-12-01T02:55:38","date_gmt":"2025-12-01T08:55:38","guid":{"rendered":"https:\/\/haciendadeletras.directorio-comercial.com\/?product=precioso-regalo"},"modified":"2025-12-01T02:55:38","modified_gmt":"2025-12-01T08:55:38","slug":"precioso-regalo","status":"publish","type":"product","link":"https:\/\/haciendadeletras.directorio-comercial.com\/?product=precioso-regalo","title":{"rendered":"Precioso Regalo"},"content":{"rendered":"<p>Vista: Intenso color escarlata con destellos brillantes. Rojo intenso con tonos limpios, de cuerpo medio.<br \/>\nOlfato: Aromas florales y olfativo dulce y afrutado<br \/>\nGusto: Gusto jovial de frutos rojos como cereza, grosella y ar\u00e1ndanos.<br \/>\nRecomendaci\u00f3n de maridaje: Disfr\u00fatalo en cualquier ocasi\u00f3n, recomendado para postres con chocolate amargo o dulce y con frutos rojos.<\/p>\n","protected":false},"excerpt":{"rendered":"<p>Variedad: Ruby Cabernet-Syrah<br \/>\nTipo: Vino de Mesa Dulce Tinto<br \/>\nGrado de alcohol: 11% Vol.<br \/>\nRegi\u00f3n: Aguascalientes<\/p>\n","protected":false},"featured_media":249,"comment_status":"closed","ping_status":"open","template":"","meta":{"_acf_changed":false},"product_brand":[],"product_cat":[19,21],"product_tag":[],"class_list":{"0":"post-256","1":"product","2":"type-product","3":"status-publish","4":"has-post-thumbnail","6":"product_cat-de-mesa","7":"product_cat-dulce-tinto","9":"first","10":"instock","11":"purchasable","12":"product-type-simple"},"acf":[],"jetpack_sharing_enabled":true,"_links":{"self":[{"href":"https:\/\/haciendadeletras.directorio-comercial.com\/index.php?rest_route=\/wp\/v2\/product\/256","targetHints":{"allow":["GET"]}}],"collection":[{"href":"https:\/\/haciendadeletras.directorio-comercial.com\/index.php?rest_route=\/wp\/v2\/product"}],"about":[{"href":"https:\/\/haciendadeletras.directorio-comercial.com\/index.php?rest_route=\/wp\/v2\/types\/product"}],"replies":[{"embeddable":true,"href":"https:\/\/haciendadeletras.directorio-comercial.com\/index.php?rest_route=%2Fwp%2Fv2%2Fcomments&post=256"}],"wp:featuredmedia":[{"embeddable":true,"href":"https:\/\/haciendadeletras.directorio-comercial.com\/index.php?rest_route=\/wp\/v2\/media\/249"}],"wp:attachment":[{"href":"https:\/\/haciendadeletras.directorio-comercial.com\/index.php?rest_route=%2Fwp%2Fv2%2Fmedia&parent=256"}],"wp:term":[{"taxonomy":"product_brand","embeddable":true,"href":"https:\/\/haciendadeletras.directorio-comercial.com\/index.php?rest_route=%2Fwp%2Fv2%2Fproduct_brand&post=256"},{"taxonomy":"product_cat","embeddable":true,"href":"https:\/\/haciendadeletras.directorio-comercial.com\/index.php?rest_route=%2Fwp%2Fv2%2Fproduct_cat&post=256"},{"taxonomy":"product_tag","embeddable":true,"href":"https:\/\/haciendadeletras.directorio-comercial.com\/index.php?rest_route=%2Fwp%2Fv2%2Fproduct_tag&post=256"}],"curies":[{"name":"wp","href":"https:\/\/api.w.org\/{rel}","templated":true}]}}