{"id":255,"date":"2025-12-01T02:55:38","date_gmt":"2025-12-01T08:55:38","guid":{"rendered":"https:\/\/haciendadeletras.directorio-comercial.com\/?product=ruby-amor-eterno"},"modified":"2025-12-01T02:55:38","modified_gmt":"2025-12-01T08:55:38","slug":"ruby-amor-eterno","status":"publish","type":"product","link":"https:\/\/haciendadeletras.directorio-comercial.com\/?product=ruby-amor-eterno","title":{"rendered":"Ruby Amor Eterno"},"content":{"rendered":"<p>Vista: Elegante color rojo, granate muy intenso con tonos rub\u00ed de capa alta, limpio y de cuerpo medio.<br \/>\nOlfato: Intenso olor afrutado con toque de ciruela.<br \/>\nGusto: Gusto dulce que evoca a frutos rojos y provaca una experiencia excepcional en la poca.<br \/>\nRecomendaci\u00f3n de maridaje: ideal para acompa\u00f1arse con platillos t\u00edpicos de gastronom\u00eda mexicana; ademas de postres de chocolate, frutos del bosque y nueces.<\/p>\n","protected":false},"excerpt":{"rendered":"<p>Variedad: Ruby Cabernet<br \/>\nTipo: Vino de Mesa Semi Dulce Tinto<br \/>\nGrado de alcohol: 12.5% Vol.<br \/>\nRegi\u00f3n: Aguascalientes<\/p>\n","protected":false},"featured_media":250,"comment_status":"closed","ping_status":"open","template":"","meta":{"_acf_changed":false},"product_brand":[],"product_cat":[19,20],"product_tag":[],"class_list":{"0":"post-255","1":"product","2":"type-product","3":"status-publish","4":"has-post-thumbnail","6":"product_cat-de-mesa","7":"product_cat-semidulce-tinto","9":"first","10":"instock","11":"purchasable","12":"product-type-simple"},"acf":[],"jetpack_sharing_enabled":true,"_links":{"self":[{"href":"https:\/\/haciendadeletras.directorio-comercial.com\/index.php?rest_route=\/wp\/v2\/product\/255","targetHints":{"allow":["GET"]}}],"collection":[{"href":"https:\/\/haciendadeletras.directorio-comercial.com\/index.php?rest_route=\/wp\/v2\/product"}],"about":[{"href":"https:\/\/haciendadeletras.directorio-comercial.com\/index.php?rest_route=\/wp\/v2\/types\/product"}],"replies":[{"embeddable":true,"href":"https:\/\/haciendadeletras.directorio-comercial.com\/index.php?rest_route=%2Fwp%2Fv2%2Fcomments&post=255"}],"wp:featuredmedia":[{"embeddable":true,"href":"https:\/\/haciendadeletras.directorio-comercial.com\/index.php?rest_route=\/wp\/v2\/media\/250"}],"wp:attachment":[{"href":"https:\/\/haciendadeletras.directorio-comercial.com\/index.php?rest_route=%2Fwp%2Fv2%2Fmedia&parent=255"}],"wp:term":[{"taxonomy":"product_brand","embeddable":true,"href":"https:\/\/haciendadeletras.directorio-comercial.com\/index.php?rest_route=%2Fwp%2Fv2%2Fproduct_brand&post=255"},{"taxonomy":"product_cat","embeddable":true,"href":"https:\/\/haciendadeletras.directorio-comercial.com\/index.php?rest_route=%2Fwp%2Fv2%2Fproduct_cat&post=255"},{"taxonomy":"product_tag","embeddable":true,"href":"https:\/\/haciendadeletras.directorio-comercial.com\/index.php?rest_route=%2Fwp%2Fv2%2Fproduct_tag&post=255"}],"curies":[{"name":"wp","href":"https:\/\/api.w.org\/{rel}","templated":true}]}}