{"id":14,"date":"2025-11-25T22:16:22","date_gmt":"2025-11-26T04:16:22","guid":{"rendered":"https:\/\/haciendadeletras.directorio-comercial.com\/?page_id=14"},"modified":"2025-12-10T13:51:46","modified_gmt":"2025-12-10T19:51:46","slug":"inicio","status":"publish","type":"page","link":"https:\/\/haciendadeletras.directorio-comercial.com\/","title":{"rendered":"Inicio"},"content":{"rendered":"\n<div class=\"wp-block-columns is-layout-flex wp-container-core-columns-is-layout-28f84493 wp-block-columns-is-layout-flex\">\n<div class=\"wp-block-column is-layout-flow wp-block-column-is-layout-flow\">\n<div class=\"wp-block-group is-content-justification-center is-nowrap is-layout-flex wp-container-core-group-is-layout-23441af8 wp-block-group-is-layout-flex\">\n<img loading=\"lazy\" decoding=\"async\" width=\"1583\" height=\"635\" data-media-id=\"90\" class=\"gb-media-464edec1\" alt=\"\" src=\"https:\/\/haciendadeletras.directorio-comercial.com\/wp-content\/uploads\/2025\/11\/poster.png\" srcset=\"https:\/\/haciendadeletras.directorio-comercial.com\/wp-content\/uploads\/2025\/11\/poster.png 1583w, https:\/\/haciendadeletras.directorio-comercial.com\/wp-content\/uploads\/2025\/11\/poster-300x120.png 300w, https:\/\/haciendadeletras.directorio-comercial.com\/wp-content\/uploads\/2025\/11\/poster-1024x411.png 1024w, https:\/\/haciendadeletras.directorio-comercial.com\/wp-content\/uploads\/2025\/11\/poster-768x308.png 768w, https:\/\/haciendadeletras.directorio-comercial.com\/wp-content\/uploads\/2025\/11\/poster-1536x616.png 1536w\" sizes=\"auto, (max-width: 1583px) 100vw, 1583px\" \/>\n<\/div>\n<\/div>\n<\/div>\n\n\n\n<div class=\"wp-block-columns is-layout-flex wp-container-core-columns-is-layout-28f84493 wp-block-columns-is-layout-flex\">\n<div class=\"wp-block-column is-layout-flow wp-block-column-is-layout-flow\" style=\"flex-basis:25%\"><\/div>\n\n\n\n<div class=\"wp-block-column is-layout-flow wp-block-column-is-layout-flow\" style=\"flex-basis:50%\">\n<figure class=\"wp-block-image aligncenter size-full\"><img loading=\"lazy\" decoding=\"async\" width=\"600\" height=\"229\" src=\"https:\/\/haciendadeletras.directorio-comercial.com\/wp-content\/uploads\/2025\/11\/Titulo.png\" alt=\"\" class=\"wp-image-24\" srcset=\"https:\/\/haciendadeletras.directorio-comercial.com\/wp-content\/uploads\/2025\/11\/Titulo.png 600w, https:\/\/haciendadeletras.directorio-comercial.com\/wp-content\/uploads\/2025\/11\/Titulo-300x115.png 300w\" sizes=\"auto, (max-width: 600px) 100vw, 600px\" \/><\/figure>\n<\/div>\n\n\n\n<div class=\"wp-block-column is-layout-flow wp-block-column-is-layout-flow\" style=\"flex-basis:25%\"><\/div>\n<\/div>\n\n\n\n<div class=\"wp-block-columns is-layout-flex wp-container-core-columns-is-layout-28f84493 wp-block-columns-is-layout-flex\">\n<div class=\"wp-block-column is-layout-flow wp-block-column-is-layout-flow\" style=\"flex-basis:25%\"><\/div>\n\n\n\n<div class=\"wp-block-column is-layout-flow wp-block-column-is-layout-flow\" style=\"flex-basis:50%\">\n<p class=\"gb-text gb-text-22936b2c\">Hacienda de Letras construida desde 1854, con una tradici\u00f3n de m\u00e1s de 40 a\u00f1os como vinicultores.<\/p>\n<\/div>\n\n\n\n<div class=\"wp-block-column is-layout-flow wp-block-column-is-layout-flow\" style=\"flex-basis:25%\"><\/div>\n<\/div>\n\n\n\n<div class=\"wp-block-columns is-layout-flex wp-container-core-columns-is-layout-28f84493 wp-block-columns-is-layout-flex\">\n<div class=\"wp-block-column is-layout-flow wp-block-column-is-layout-flow\" style=\"flex-basis:25%\"><\/div>\n\n\n\n<div class=\"wp-block-column is-layout-flow wp-block-column-is-layout-flow\" style=\"flex-basis:50%\">\n<p class=\"gb-text gb-text-91e08e89\">En la regi\u00f3n, Hacienda de letras es uno de los principales destinos del enoturismo gracias a sus recorridos por los vi\u00f1edos y sus diversas variedades de vino. Su tradici\u00f3n e historia hace que los visitantes puedan vivir experiencias a trav\u00e9s de diferentes actividades. La cava es uno de los lugares fascinantes de conocer y vivir una experiencia enriquecedora en torno al vino, las catas y el buen maridaje, recorridos por los vi\u00f1edos y la naturaleza que rodea la hacienda para eventos sociales y corporativos, bodas, sesiones de video y fotograf\u00eda.<\/p>\n<\/div>\n\n\n\n<div class=\"wp-block-column is-layout-flow wp-block-column-is-layout-flow\" style=\"flex-basis:25%\"><\/div>\n<\/div>\n\n\n\n<div class=\"wp-block-columns is-layout-flex wp-container-core-columns-is-layout-28f84493 wp-block-columns-is-layout-flex\">\n<div class=\"wp-block-column is-layout-flow wp-block-column-is-layout-flow\" style=\"flex-basis:25%\"><\/div>\n\n\n\n<div class=\"wp-block-column is-layout-flow wp-block-column-is-layout-flow\" style=\"flex-basis:50%\">\n<p class=\"gb-text gb-text-ede7ac00\">La producci\u00f3n actualmente es alrededor de 500 toneladas de uva por a\u00f1o con sus m\u00e1s de 18 variedades. Aproximadamente con 120 hect\u00e1reas plantadas. Nos distinguimos por el gran coraz\u00f3n que ponemos en nuestros festivales: Festival el vino en colores, Festival espuma y Vino, y Festival La Vendimia.Descubre y degusta la sencia de Aguascalientes en cada copa, donde la historia y el vino se entrelazan para brindar momentos inolvidables.<\/p>\n<\/div>\n\n\n\n<div class=\"wp-block-column is-layout-flow wp-block-column-is-layout-flow\" style=\"flex-basis:25%\"><\/div>\n<\/div>\n\n\n\n<div class=\"wp-block-columns is-layout-flex wp-container-core-columns-is-layout-28f84493 wp-block-columns-is-layout-flex\">\n<div class=\"wp-block-column is-layout-flow wp-block-column-is-layout-flow\" style=\"flex-basis:25%\"><\/div>\n\n\n\n<div class=\"wp-block-column is-layout-flow wp-block-column-is-layout-flow\" style=\"flex-basis:50%\"><\/div>\n\n\n\n<div class=\"wp-block-column is-layout-flow wp-block-column-is-layout-flow\" style=\"flex-basis:25%\"><\/div>\n<\/div>\n\n\n\n<div class=\"wp-block-columns is-layout-flex wp-container-core-columns-is-layout-28f84493 wp-block-columns-is-layout-flex\">\n<div class=\"wp-block-column is-layout-flow wp-block-column-is-layout-flow\" style=\"flex-basis:25%\"><\/div>\n\n\n\n<div class=\"wp-block-column is-layout-flow wp-block-column-is-layout-flow\" style=\"flex-basis:50%\">\n<h3 class=\"gb-text gb-text-77a960d4\">Hacienda de Letras<\/h3>\n<\/div>\n\n\n\n<div class=\"wp-block-column is-layout-flow wp-block-column-is-layout-flow\" style=\"flex-basis:25%\"><\/div>\n<\/div>\n","protected":false},"excerpt":{"rendered":"<p>Hacienda de Letras construida desde 1854, con una tradici\u00f3n de m\u00e1s de 40 a\u00f1os como vinicultores. En la regi\u00f3n, Hacienda de letras es uno de los principales destinos del enoturismo gracias a sus recorridos por los vi\u00f1edos y sus diversas variedades de vino. Su tradici\u00f3n e historia hace que los visitantes puedan vivir experiencias a [&hellip;]<\/p>\n","protected":false},"author":1,"featured_media":0,"parent":0,"menu_order":0,"comment_status":"closed","ping_status":"closed","template":"page-no-title","meta":{"_acf_changed":false,"footnotes":""},"class_list":["post-14","page","type-page","status-publish","hentry"],"acf":[],"jetpack_sharing_enabled":true,"_links":{"self":[{"href":"https:\/\/haciendadeletras.directorio-comercial.com\/index.php?rest_route=\/wp\/v2\/pages\/14","targetHints":{"allow":["GET"]}}],"collection":[{"href":"https:\/\/haciendadeletras.directorio-comercial.com\/index.php?rest_route=\/wp\/v2\/pages"}],"about":[{"href":"https:\/\/haciendadeletras.directorio-comercial.com\/index.php?rest_route=\/wp\/v2\/types\/page"}],"author":[{"embeddable":true,"href":"https:\/\/haciendadeletras.directorio-comercial.com\/index.php?rest_route=\/wp\/v2\/users\/1"}],"replies":[{"embeddable":true,"href":"https:\/\/haciendadeletras.directorio-comercial.com\/index.php?rest_route=%2Fwp%2Fv2%2Fcomments&post=14"}],"version-history":[{"count":5,"href":"https:\/\/haciendadeletras.directorio-comercial.com\/index.php?rest_route=\/wp\/v2\/pages\/14\/revisions"}],"predecessor-version":[{"id":287,"href":"https:\/\/haciendadeletras.directorio-comercial.com\/index.php?rest_route=\/wp\/v2\/pages\/14\/revisions\/287"}],"wp:attachment":[{"href":"https:\/\/haciendadeletras.directorio-comercial.com\/index.php?rest_route=%2Fwp%2Fv2%2Fmedia&parent=14"}],"curies":[{"name":"wp","href":"https:\/\/api.w.org\/{rel}","templated":true}]}}